{"id":875,"date":"2024-09-18T14:17:18","date_gmt":"2024-09-18T14:17:18","guid":{"rendered":"https:\/\/drink351.yourcode-staging.com\/produto\/monte-das-herdades-malbec-2020-copy\/"},"modified":"2024-09-18T14:17:18","modified_gmt":"2024-09-18T14:17:18","slug":"monte-das-herdades-malbec-2020-copy","status":"publish","type":"product","link":"https:\/\/drink351.yourcode-staging.com\/en\/produto\/monte-das-herdades-malbec-2020-copy\/","title":{"rendered":"Monte das Herdades, Malbec 2020 Copy"},"content":{"rendered":"[vc_row type=&#8221;in_container&#8221; full_screen_row_position=&#8221;middle&#8221; column_margin=&#8221;default&#8221; column_direction=&#8221;default&#8221; column_direction_tablet=&#8221;default&#8221; column_direction_phone=&#8221;default&#8221; scene_position=&#8221;center&#8221; top_padding=&#8221;2%&#8221; text_color=&#8221;dark&#8221; text_align=&#8221;left&#8221; row_border_radius=&#8221;none&#8221; row_border_radius_applies=&#8221;bg&#8221; overflow=&#8221;visible&#8221; id=&#8221;tech-infos&#8221; disable_element=&#8221;yes&#8221; overlay_strength=&#8221;0.3&#8243; gradient_direction=&#8221;left_to_right&#8221; shape_divider_position=&#8221;bottom&#8221; bg_image_animation=&#8221;none&#8221; gradient_type=&#8221;default&#8221; shape_type=&#8221;&#8221;][vc_column column_padding=&#8221;no-extra-padding&#8221; column_padding_tablet=&#8221;inherit&#8221; column_padding_phone=&#8221;inherit&#8221; column_padding_position=&#8221;all&#8221; column_element_direction_desktop=&#8221;default&#8221; column_element_spacing=&#8221;default&#8221; centered_text=&#8221;true&#8221; desktop_text_alignment=&#8221;center&#8221; tablet_text_alignment=&#8221;default&#8221; phone_text_alignment=&#8221;default&#8221; background_color_opacity=&#8221;1&#8243; background_hover_color_opacity=&#8221;1&#8243; column_backdrop_filter=&#8221;none&#8221; column_shadow=&#8221;none&#8221; column_border_radius=&#8221;none&#8221; column_link_target=&#8221;_self&#8221; column_position=&#8221;default&#8221; gradient_direction=&#8221;left_to_right&#8221; overlay_strength=&#8221;0.3&#8243; width=&#8221;1\/1&#8243; tablet_width_inherit=&#8221;default&#8221; animation_type=&#8221;default&#8221; bg_image_animation=&#8221;none&#8221; border_type=&#8221;simple&#8221; column_border_width=&#8221;none&#8221; column_border_style=&#8221;solid&#8221; column_padding_type=&#8221;default&#8221; gradient_type=&#8221;default&#8221;][vc_custom_heading text=&#8221;Informa\u00e7\u00f5es T\u00e9cnicas&#8221; font_container=&#8221;tag:h2|text_align:center|color:%23887d54&#8243; use_theme_fonts=&#8221;yes&#8221;][vc_column_text text_direction=&#8221;default&#8221;]<a href=\"https:\/\/drink351.yourcode-staging.com\/wp-content\/uploads\/2024\/04\/Ficha-Tecnica-Chardonnay-2020-PT.pdf\" target=\"_blank\" rel=\"noopener\">Download PDF<\/a>[\/vc_column_text][\/vc_column][\/vc_row]\n","protected":false},"excerpt":{"rendered":"<p><strong>Brevemente dispon\u00edvel<\/strong><\/p>\n<p>O Malbec 2020 \u00e9 o t\u00e3o aguardado pr\u00f3ximo lan\u00e7amento da marca Monte das Herdades. Ap\u00f3s 24 meses de envelhecimento em garrafa, seguindo um est\u00e1gio em barricas, este vinho Grande Reserva estar\u00e1 em breve dispon\u00edvel.<\/p>\n","protected":false},"featured_media":721,"comment_status":"closed","ping_status":"closed","template":"","meta":{"inline_featured_image":false},"product_cat":[15],"product_tag":[],"class_list":{"0":"post-875","1":"product","2":"type-product","3":"status-publish","4":"has-post-thumbnail","6":"product_cat-vinhos","8":"first","9":"instock","10":"taxable","11":"shipping-taxable","12":"product-type-simple"},"_links":{"self":[{"href":"https:\/\/drink351.yourcode-staging.com\/en\/wp-json\/wp\/v2\/product\/875","targetHints":{"allow":["GET"]}}],"collection":[{"href":"https:\/\/drink351.yourcode-staging.com\/en\/wp-json\/wp\/v2\/product"}],"about":[{"href":"https:\/\/drink351.yourcode-staging.com\/en\/wp-json\/wp\/v2\/types\/product"}],"replies":[{"embeddable":true,"href":"https:\/\/drink351.yourcode-staging.com\/en\/wp-json\/wp\/v2\/comments?post=875"}],"wp:featuredmedia":[{"embeddable":true,"href":"https:\/\/drink351.yourcode-staging.com\/en\/wp-json\/wp\/v2\/media\/721"}],"wp:attachment":[{"href":"https:\/\/drink351.yourcode-staging.com\/en\/wp-json\/wp\/v2\/media?parent=875"}],"wp:term":[{"taxonomy":"product_cat","embeddable":true,"href":"https:\/\/drink351.yourcode-staging.com\/en\/wp-json\/wp\/v2\/product_cat?post=875"},{"taxonomy":"product_tag","embeddable":true,"href":"https:\/\/drink351.yourcode-staging.com\/en\/wp-json\/wp\/v2\/product_tag?post=875"}],"curies":[{"name":"wp","href":"https:\/\/api.w.org\/{rel}","templated":true}]}}